{"id":8,"date":"2019-07-10T10:56:38","date_gmt":"2019-07-10T10:56:38","guid":{"rendered":"http:\/\/wordpress.liveband-top-secret.de\/?page_id=8"},"modified":"2023-08-03T20:01:41","modified_gmt":"2023-08-03T20:01:41","slug":"mesmerize","status":"publish","type":"page","link":"http:\/\/wordpress.liveband-top-secret.de\/","title":{"rendered":"\u00dcber uns"},"content":{"rendered":"<div  id=\"livemusik\" class=\"content-3 content-section content-section-spacing full-screen-section\" style=\"background-color: #f5fafd;\" data-label=\"Livemusik\" data-id=\"content--1\" data-export-id=\"content-3\" data-category=\"content\" data-bullets-visibility=\"true\">\n<div >\n<div  class=\"row middle-xs\">\n<div  class=\"col-sm-7 full-col-left-padding full-col-right-padding\">\n<div  class=\"row\">\n<div  class=\"space-bottom-small content-title-col\" data-type=\"column\">\n<h5  class=\"\">Live is life<\/h5>\n<h2  class=\"\">100 % Live f\u00fcr Ihr Event<\/h2>\n<p  class=\"\">K\u00f6nnen Sie sich ein Sch\u00fctzenfest ohne Blasmusik oder einen Sch\u00fctzenball ohne Tanzmusik vorstellen? Nein, wir auch nicht.<\/p>\nEgal, ob zum Sch\u00fctzenfest, zum Abiball oder zum runden Geburtstag, live-gespielte Musik geh\u00f6rt einfach dazu.\n\n<\/div>\n<\/div>\n<div  class=\"row spaced-cols\" data-type=\"row\">\n<div  class=\"col-xs-6\" data-type=\"column\"><\/div>\n<\/div>\n<\/div>\n<div  class=\"col-sm-5 bg-image shadow-large-black revert-classes-holder\" style=\"background-image: url('http:\/\/wordpress.liveband-top-secret.de\/wp-content\/uploads\/2019\/07\/cropped-Bild_031-e1563393924996.jpg');\" data-bg=\"image\"><\/div>\n<\/div>\n<\/div>\n<\/div><div  id=\"team\" class=\"about-9 content-section content-section-spacing full-screen-section\" style=\"background-color: #ffffff; background-image: none;\" data-label=\"Team\" data-id=\"about--2\" data-export-id=\"about-9\" data-category=\"about\" data-bullets-visibility=\"true\">\n<div  class=\"gridContainer\">\n<div  class=\"row middle-sm text-center\">\n<div  class=\"col-sm-5 space-bottom-xs content-column content-right-sm\" data-type=\"column\">\n<h5  class=\"\">Unser buntes Team<\/h5>\n<h2  class=\"\">Melodie &amp; Rhythmus<\/h2>\n<h4  class=\"\">Gesang:<\/h4>\n<ul  class=\"\">\n \t<li >Melina Kupitz<\/li>\n \t<li >Carsten Hering<\/li>\n<\/ul>\n<h4  class=\"\"><\/h4>\n<h4  class=\"\">Rhythmus:<\/h4>\n<ul  class=\"\">\n \t<li >Carlo Mansfeld (Gitarre)<\/li>\n \t<li >Nils Linnemannst\u00f6ns (Bass)<\/li>\n \t<li >Tim Noeke (Keyboard)<\/li>\n \t<li >Pascal G\u00f6ckeler (Drums)<\/li>\n<\/ul>\n<h4  class=\"\"><\/h4>\n<h4  class=\"\">Bl\u00e4ser:<\/h4>\n<ul  class=\"\">\n \t<li >Eduard Bobowk-Melka (Trompete)<\/li>\n \t<li >Karsten Franz (Saxophon)<\/li>\n<\/ul>\n<\/div>\n<div  class=\"col-sm-7 flexbox flexbox middle-xs center-xs space-bottom-xs\">\n<div  class=\"overlay-box flexbox middle-xs center-xs overlay-holder \">\n<div  class=\"overlay-box-offset offset-background shadow-medium bg-color2\"><\/div>\n<img decoding=\"async\"  class=\"flexbox shadow-large img1\" title=\"cropped-Band_07-1.jpeg\" src=\"http:\/\/wordpress.liveband-top-secret.de\/wp-content\/uploads\/2019\/07\/cropped-Band_07-1.jpeg\" alt=\"\" data-size=\"600x400\">\n\n<\/div>\n<\/div>\n<\/div>\n<\/div>\n<\/div><div  id=\"kontakt-1\" class=\"contact-1-mc content-section content-section-spacing white-text full-screen-section\" style=\"background-color: #ffffff;\" data-label=\"Kontakt\" data-id=\"contact-1-mc\" data-export-id=\"contact-1-mc\" data-bullets-visibility=\"true\" data-category=\"contact\" data-parallax-depth=\"20\">\n<div  class=\"gridContainer\">\n<div  class=\"row text-center\">\n<div  class=\"section-title-col\" data-type=\"column\">\n<h5  class=\"\">Jetzt anfragen!<\/h5>\n<h2  class=\"\">Livemusik f\u00fcr Ihre Veranstaltung<\/h2>\n<\/div>\n<\/div>\n<div  class=\"row text-center\">\n<div  class=\"col-xs-12 col-sm-8 col-sm-offset-2 contact-form-wrapper inline-info\">\n<div  class=\"card large-padding\">\n<div  class=\"\" data-content-shortcode=\"mesmerize_contact_form shortcode=&quot;wpforms id=&amp;amp;quot;78&amp;amp;quot; title=&amp;amp;quot;false&amp;amp;quot; description=&amp;amp;quot;false&amp;amp;quot;&quot;\" data-editable=\"true\"><div class=\"wpforms-container wpforms-container-full\" id=\"wpforms-78\"><form id=\"wpforms-form-78\" class=\"wpforms-validate wpforms-form\" data-formid=\"78\" method=\"post\" enctype=\"multipart\/form-data\" action=\"\/index.php?rest_route=%2Fwp%2Fv2%2Fpages%2F8\" data-token=\"d469f6de883096f93979e2680184a141\"><noscript class=\"wpforms-error-noscript\">Bitte aktiviere JavaScript in deinem Browser, um dieses Formular fertigzustellen.<\/noscript><div class=\"wpforms-field-container\"><div id=\"wpforms-78-field_0-container\" class=\"wpforms-field wpforms-field-name\" data-field-id=\"0\"><label class=\"wpforms-field-label\" for=\"wpforms-78-field_0\">Name <span class=\"wpforms-required-label\">*<\/span><\/label><div class=\"wpforms-field-row wpforms-field-medium\"><div class=\"wpforms-field-row-block wpforms-first wpforms-one-half\"><input type=\"text\" id=\"wpforms-78-field_0\" class=\"wpforms-field-name-first wpforms-field-required\" name=\"wpforms[fields][0][first]\" required><label for=\"wpforms-78-field_0\" class=\"wpforms-field-sublabel after \">Vorname<\/label><\/div><div class=\"wpforms-field-row-block wpforms-one-half\"><input type=\"text\" id=\"wpforms-78-field_0-last\" class=\"wpforms-field-name-last wpforms-field-required\" name=\"wpforms[fields][0][last]\" required><label for=\"wpforms-78-field_0-last\" class=\"wpforms-field-sublabel after \">Nachname<\/label><\/div><\/div><\/div><div id=\"wpforms-78-field_1-container\" class=\"wpforms-field wpforms-field-email\" data-field-id=\"1\"><label class=\"wpforms-field-label\" for=\"wpforms-78-field_1\">E-Mail <span class=\"wpforms-required-label\">*<\/span><\/label><input type=\"email\" id=\"wpforms-78-field_1\" class=\"wpforms-field-medium wpforms-field-required\" name=\"wpforms[fields][1]\" required><\/div><div id=\"wpforms-78-field_2-container\" class=\"wpforms-field wpforms-field-textarea\" data-field-id=\"2\"><label class=\"wpforms-field-label\" for=\"wpforms-78-field_2\">Kommentar oder Nachricht <span class=\"wpforms-required-label\">*<\/span><\/label><textarea id=\"wpforms-78-field_2\" class=\"wpforms-field-medium wpforms-field-required\" name=\"wpforms[fields][2]\" required><\/textarea><\/div><\/div><div class=\"wpforms-field wpforms-field-hp\"><label for=\"wpforms-78-field-hp\" class=\"wpforms-field-label\">Comment<\/label><input type=\"text\" name=\"wpforms[hp]\" id=\"wpforms-78-field-hp\" class=\"wpforms-field-medium\"><\/div><div class=\"wpforms-submit-container\"><input type=\"hidden\" name=\"wpforms[id]\" value=\"78\"><input type=\"hidden\" name=\"wpforms[author]\" value=\"1\"><button type=\"submit\" name=\"wpforms[submit]\" id=\"wpforms-submit-78\" class=\"wpforms-submit\" data-alt-text=\"Senden...\" data-submit-text=\"Absenden\" aria-live=\"assertive\" value=\"wpforms-submit\">Absenden<\/button><\/div><\/form><\/div>  <!-- .wpforms-container --><\/div>\n<\/div>\n<\/div>\n<\/div>\n<\/div>\n<\/div><div  id=\"historie\" class=\"about-10 content-section content-section-spacing full-screen-section\" style=\"background-color: #f5fafd;\" data-label=\"Historie\" data-id=\"about--1\" data-export-id=\"about-10\" data-category=\"about\" data-bullets-visibility=\"true\">\n<div  class=\"gridContainer\">\n<div  class=\"row middle-sm text-center\">\n<div  class=\"col-sm-5 space-bottom-xs content-column\" data-type=\"column\">\n<h5  class=\"\">Geschichte<\/h5>\n<h2  class=\"\">\u2026 seit \u00fcber 30 Jahren!<\/h2>\n<p  class=\"\">Der Musikverein Freienohl e.V. hat bereits in den 80er Jahren eine eigene Tanzmusik-Besetzung aufgebaut. Als Big Band, unter der Leitung von Erwin Wiesemann, wurden Sch\u00fctzenfeste und \u00f6rtliche Veranstaltungen begleitet.<\/p>\n1993 wurde die Big Band dann umgestellt auf eine zehnk\u00f6pfige Band, die \u201eTOP TEN\u201c. Unter der Leitung des ehemaligen Profi-Musikers Wolfgang Klauke, wurde eine Besetzung mit Rhythmusgruppe (Schlagzeug, Bass, Keyboard, Gitarre), f\u00fcnf Bl\u00e4sern (Posaune, Trompete, 2x Alt-Saxophon und 1x Tenorsaxophon) und Gesang zusammengestellt. Diese Besetzung war viele Jahre f\u00fcr die Tanzmusik bei Sch\u00fctzenfesten verantwortlich und spielte zudem unabh\u00e4ngig vom Musikverein Freienohl bei Stadtfesten, Karnevalsveranstaltungen und Hochzeiten.\n\n2015 wurde die Band in der heutigen Besetzung gegr\u00fcndet. Neben den Schlagern der vergangenen Jahre und den klassischen Fetenhits, werden heute vorwiegend aktuelle Titel gespielt und begeistern das Publikum. Auch die Licht- und Tontechnik hat sich ver\u00e4ndert. In Zusammenarbeit mit \u00f6rtlichen Veranstaltungstechnikern bieten wir heute eine auf jeden Veranstaltungsort abgestimmte Technik an.\n\n<\/div>\n<div  class=\"col-sm-7 flexbox middle-xs center-xs space-bottom-xs\">\n<div  class=\"overlay-box middle-xs center-xs flexbox\">\n<div  class=\"overlay-box-offset offset-border shadow-medium border-color1 hide-xs\"><\/div>\n<img decoding=\"async\"  class=\"shadow-large\" title=\"cropped-Top_Ten.jpg\" src=\"http:\/\/wordpress.liveband-top-secret.de\/wp-content\/uploads\/2019\/07\/cropped-Top_Ten.jpg\" alt=\"\" data-size=\"485x705\">\n\n<\/div>\n<\/div>\n<\/div>\n<\/div>\n<\/div><div  id=\"datenschutzimpressum\" class=\"overlappable-4-mc content-section content-section-spacing\" style=\"background-color: #ffffff;\" data-label=\"DatenschutzImpressum\" data-id=\"overlappable--1\" data-export-id=\"overlappable-4-mc\" data-category=\"overlappable\" data-overlap=\"true\">\n<div  class=\"\">\n<div  class=\"row spaced-cols text-center center-sm\" data-type=\"row\">\n<div  class=\"col-xs-12 col-sm-4 col-padding\"><i  class=\"fa icon shadow-large-black aligncenter color1 fa-exclamation-circle reverse round big\"><\/i>\n<div  class=\"\" data-type=\"column\">\n<h5  class=\"font-400\"><a  href=\"http:\/\/wordpress.liveband-top-secret.de?page_id=319\">Datenschutz<\/a><\/h5>\n<\/div>\n<\/div>\n<div  class=\"col-xs-12 col-sm-4 col-padding\"><i  class=\"fa icon shadow-large-black aligncenter color4 fa-paperclip reverse round big\"><\/i>\n<div  class=\"\" data-type=\"column\">\n<h5  class=\"font-400\"><a  href=\"http:\/\/wordpress.liveband-top-secret.de?page_id=314(%C3%B6ffnet%20in%20neuem%20Tab)\" data-wplink-url-error=\"true\">Impressum<\/a><\/h5>\n<\/div>\n<\/div>\n<\/div>\n<\/div>\n<\/div>","protected":false},"excerpt":{"rendered":"<p>Live is life 100 % Live f\u00fcr Ihr Event K\u00f6nnen Sie sich ein Sch\u00fctzenfest ohne Blasmusik oder einen Sch\u00fctzenball ohne Tanzmusik vorstellen? Nein, wir auch nicht. Egal, ob zum Sch\u00fctzenfest, zum Abiball oder zum runden Geburtstag, live-gespielte Musik geh\u00f6rt einfach dazu. Unser buntes Team Melodie &amp; Rhythmus Gesang: Melina Kupitz Carsten Hering Rhythmus: Carlo Mansfeld&hellip; <br \/> <a class=\"read-more\" href=\"http:\/\/wordpress.liveband-top-secret.de\/\">Weiterlesen<\/a><\/p>\n","protected":false},"author":1,"featured_media":0,"parent":0,"menu_order":0,"comment_status":"closed","ping_status":"closed","template":"page-templates\/homepage.php","meta":[],"_links":{"self":[{"href":"http:\/\/wordpress.liveband-top-secret.de\/index.php?rest_route=\/wp\/v2\/pages\/8"}],"collection":[{"href":"http:\/\/wordpress.liveband-top-secret.de\/index.php?rest_route=\/wp\/v2\/pages"}],"about":[{"href":"http:\/\/wordpress.liveband-top-secret.de\/index.php?rest_route=\/wp\/v2\/types\/page"}],"author":[{"embeddable":true,"href":"http:\/\/wordpress.liveband-top-secret.de\/index.php?rest_route=\/wp\/v2\/users\/1"}],"replies":[{"embeddable":true,"href":"http:\/\/wordpress.liveband-top-secret.de\/index.php?rest_route=%2Fwp%2Fv2%2Fcomments&post=8"}],"version-history":[{"count":82,"href":"http:\/\/wordpress.liveband-top-secret.de\/index.php?rest_route=\/wp\/v2\/pages\/8\/revisions"}],"predecessor-version":[{"id":324,"href":"http:\/\/wordpress.liveband-top-secret.de\/index.php?rest_route=\/wp\/v2\/pages\/8\/revisions\/324"}],"wp:attachment":[{"href":"http:\/\/wordpress.liveband-top-secret.de\/index.php?rest_route=%2Fwp%2Fv2%2Fmedia&parent=8"}],"curies":[{"name":"wp","href":"https:\/\/api.w.org\/{rel}","templated":true}]}}